{"id":903,"date":"2023-04-28T05:35:30","date_gmt":"2023-04-28T05:35:30","guid":{"rendered":"https:\/\/sphere-knokke.be\/emplois\/"},"modified":"2025-05-27T16:50:40","modified_gmt":"2025-05-27T16:50:40","slug":"emplois","status":"publish","type":"page","link":"https:\/\/sphere-knokke.be\/fr\/emplois\/","title":{"rendered":"Emplois"},"content":{"rendered":"\t\t<div data-elementor-type=\"wp-page\" data-elementor-id=\"903\" class=\"elementor elementor-903 elementor-50\" data-elementor-post-type=\"page\">\n\t\t\t\t<div class=\"elementor-element elementor-element-36c511d e-flex e-con-boxed e-con e-parent\" data-id=\"36c511d\" data-element_type=\"container\" data-e-type=\"container\" data-settings=\"{&quot;background_background&quot;:&quot;classic&quot;}\">\n\t\t\t\t\t<div class=\"e-con-inner\">\n\t\t\t\t\t<\/div>\n\t\t\t\t<\/div>\n\t\t<div class=\"elementor-element elementor-element-ced06e7 e-flex e-con-boxed e-con e-parent\" data-id=\"ced06e7\" data-element_type=\"container\" data-e-type=\"container\">\n\t\t\t\t\t<div class=\"e-con-inner\">\n\t\t\t\t<div class=\"elementor-element elementor-element-e229f87 elementor-invisible elementor-widget elementor-widget-elementskit-motion-text\" data-id=\"e229f87\" data-element_type=\"widget\" data-e-type=\"widget\" data-settings=\"{&quot;_animation_delay&quot;:100,&quot;_animation&quot;:&quot;fadeIn&quot;}\" data-widget_type=\"elementskit-motion-text.default\">\n\t\t\t\t<div class=\"elementor-widget-container\">\n\t\t\t\t\t<div class=\"ekit-wid-con\" >\t\t<div class=\"elementskit_motion_text_wraper\">\n\t\t\t\t\t\t<div class=\"ekit_motion_text_inner_wraper \" >\n\t\t\t<h1 class=\"ekit_motion_text_title ekit_animation  ekit_no_spilit ekit_char_based\" data-ekit-animation-delay-s=\"10\" data-animate-class=\"ekit-oaoRotateYIn\"><span class=\"ekit_motion_text\" data-ekit-animation-delay=\"\">Postes \u00e0 pourvoir ...<\/span>\t\t\t\t<\/h1>\t\t\t\t\t\t\t\t\t<\/div>\n\t\t<\/div>\n\n\t\t<\/div>\t\t\t\t<\/div>\n\t\t\t\t<\/div>\n\t\t\t\t<div class=\"elementor-element elementor-element-b3d47ef elementor-widget-divider--view-line elementor-invisible elementor-widget elementor-widget-divider\" data-id=\"b3d47ef\" data-element_type=\"widget\" data-e-type=\"widget\" data-settings=\"{&quot;_animation&quot;:&quot;fadeIn&quot;,&quot;_animation_delay&quot;:600}\" data-widget_type=\"divider.default\">\n\t\t\t\t<div class=\"elementor-widget-container\">\n\t\t\t\t\t\t\t<div class=\"elementor-divider\">\n\t\t\t<span class=\"elementor-divider-separator\">\n\t\t\t\t\t\t<\/span>\n\t\t<\/div>\n\t\t\t\t\t\t<\/div>\n\t\t\t\t<\/div>\n\t\t\t\t\t<\/div>\n\t\t\t\t<\/div>\n\t\t<div class=\"elementor-element elementor-element-a693d73 e-flex e-con-boxed elementor-invisible e-con e-parent\" data-id=\"a693d73\" data-element_type=\"container\" data-e-type=\"container\" data-settings=\"{&quot;animation&quot;:&quot;fadeIn&quot;,&quot;animation_delay&quot;:600}\">\n\t\t\t\t\t<div class=\"e-con-inner\">\n\t\t\t\t<div class=\"elementor-element elementor-element-4cbbb62 elementor-widget elementor-widget-icon-box\" data-id=\"4cbbb62\" data-element_type=\"widget\" data-e-type=\"widget\" data-widget_type=\"icon-box.default\">\n\t\t\t\t<div class=\"elementor-widget-container\">\n\t\t\t\t\t\t\t<div class=\"elementor-icon-box-wrapper\">\n\n\t\t\t\n\t\t\t\t\t\t<div class=\"elementor-icon-box-content\">\n\n\t\t\t\t\t\t\t\t\t<h3 class=\"elementor-icon-box-title\">\n\t\t\t\t\t\t<span  >\n\t\t\t\t\t\t\tAssistant de bar ou Assistent de salle\t\t\t\t\t\t<\/span>\n\t\t\t\t\t<\/h3>\n\t\t\t\t\n\t\t\t\t\n\t\t\t<\/div>\n\t\t\t\n\t\t<\/div>\n\t\t\t\t\t\t<\/div>\n\t\t\t\t<\/div>\n\t\t\t\t<div class=\"elementor-element elementor-element-73958c1 elementor-widget elementor-widget-icon-box\" data-id=\"73958c1\" data-element_type=\"widget\" data-e-type=\"widget\" data-widget_type=\"icon-box.default\">\n\t\t\t\t<div class=\"elementor-widget-container\">\n\t\t\t\t\t\t\t<div class=\"elementor-icon-box-wrapper\">\n\n\t\t\t\n\t\t\t\t\t\t<div class=\"elementor-icon-box-content\">\n\n\t\t\t\t\t\t\t\t\t<h3 class=\"elementor-icon-box-title\">\n\t\t\t\t\t\t<span  >\n\t\t\t\t\t\t\tJob \u00e9tudiant\/Flexijob\t\t\t\t\t\t<\/span>\n\t\t\t\t\t<\/h3>\n\t\t\t\t\n\t\t\t\t\n\t\t\t<\/div>\n\t\t\t\n\t\t<\/div>\n\t\t\t\t\t\t<\/div>\n\t\t\t\t<\/div>\n\t\t\t\t\t<\/div>\n\t\t\t\t<\/div>\n\t\t<div class=\"elementor-element elementor-element-974751e e-flex e-con-boxed elementor-invisible e-con e-parent\" data-id=\"974751e\" data-element_type=\"container\" data-e-type=\"container\" data-settings=\"{&quot;animation&quot;:&quot;fadeIn&quot;,&quot;animation_delay&quot;:600}\">\n\t\t\t\t\t<div class=\"e-con-inner\">\n\t\t\t\t<div class=\"elementor-element elementor-element-0db294e elementor-widget elementor-widget-text-editor\" data-id=\"0db294e\" data-element_type=\"widget\" data-e-type=\"widget\" data-widget_type=\"text-editor.default\">\n\t\t\t\t<div class=\"elementor-widget-container\">\n\t\t\t\t\t\t\t\t\t<p>Envoyez votre CV \u00e0 jorn@sphere-knokke.be et qui sait, nous vous accueillerons peut-\u00eatre bient\u00f4t dans notre \u00e9quipe !<\/p>\n\t\t\t\t\t\t\t\t<\/div>\n\t\t\t\t<\/div>\n\t\t\t\t\t<\/div>\n\t\t\t\t<\/div>\n\t\t<div class=\"elementor-element elementor-element-ab32da0 e-flex e-con-boxed elementor-invisible e-con e-parent\" data-id=\"ab32da0\" data-element_type=\"container\" data-e-type=\"container\" data-settings=\"{&quot;animation&quot;:&quot;fadeInUp&quot;}\">\n\t\t\t\t\t<div class=\"e-con-inner\">\n\t\t<div class=\"elementor-element elementor-element-32ff1da e-flex e-con-boxed e-con e-child\" data-id=\"32ff1da\" data-element_type=\"container\" data-e-type=\"container\" data-settings=\"{&quot;background_background&quot;:&quot;classic&quot;}\">\n\t\t\t\t\t<div class=\"e-con-inner\">\n\t\t\t\t<div class=\"elementor-element elementor-element-7dd0445 elementor-widget elementor-widget-heading\" data-id=\"7dd0445\" data-element_type=\"widget\" data-e-type=\"widget\" data-widget_type=\"heading.default\">\n\t\t\t\t<div class=\"elementor-widget-container\">\n\t\t\t\t\t<h4 class=\"elementor-heading-title elementor-size-default\">Demande d'emploi<\/h4>\t\t\t\t<\/div>\n\t\t\t\t<\/div>\n\t\t\t\t<div class=\"elementor-element elementor-element-16c05cb elementor-button-align-start elementor-widget elementor-widget-form\" data-id=\"16c05cb\" data-element_type=\"widget\" data-e-type=\"widget\" data-settings=\"{&quot;step_next_label&quot;:&quot;Next&quot;,&quot;step_previous_label&quot;:&quot;Previous&quot;,&quot;button_width&quot;:&quot;100&quot;,&quot;step_type&quot;:&quot;number_text&quot;,&quot;step_icon_shape&quot;:&quot;circle&quot;}\" data-widget_type=\"form.default\">\n\t\t\t\t<div class=\"elementor-widget-container\">\n\t\t\t\t\t\t\t<form class=\"elementor-form\" method=\"post\" name=\"Applications\" aria-label=\"Applications\" novalidate=\"\">\n\t\t\t<input type=\"hidden\" name=\"post_id\" value=\"903\"\/>\n\t\t\t<input type=\"hidden\" name=\"form_id\" value=\"16c05cb\"\/>\n\t\t\t<input type=\"hidden\" name=\"referer_title\" value=\"Rejoignez notre \u00e9quipe | Carri\u00e8res chez Sphere Knokke-Heist\" \/>\n\n\t\t\t\t\t\t\t<input type=\"hidden\" name=\"queried_id\" value=\"903\"\/>\n\t\t\t\n\t\t\t<div class=\"elementor-form-fields-wrapper elementor-labels-\">\n\t\t\t\t\t\t\t\t<div class=\"elementor-field-type-text elementor-field-group elementor-column elementor-field-group-name elementor-col-100 elementor-field-required\">\n\t\t\t\t\t\t\t\t\t\t\t\t<label for=\"form-field-name\" class=\"elementor-field-label elementor-screen-only\">\n\t\t\t\t\t\t\t\tNom\t\t\t\t\t\t\t<\/label>\n\t\t\t\t\t\t\t\t\t\t\t\t\t\t<input size=\"1\" type=\"text\" name=\"form_fields[name]\" id=\"form-field-name\" class=\"elementor-field elementor-size-md  elementor-field-textual\" placeholder=\"Nom *\" required=\"required\">\n\t\t\t\t\t\t\t\t\t\t\t<\/div>\n\t\t\t\t\t\t\t\t<div class=\"elementor-field-type-email elementor-field-group elementor-column elementor-field-group-email elementor-col-100 elementor-field-required\">\n\t\t\t\t\t\t\t\t\t\t\t\t<label for=\"form-field-email\" class=\"elementor-field-label elementor-screen-only\">\n\t\t\t\t\t\t\t\tEmail\t\t\t\t\t\t\t<\/label>\n\t\t\t\t\t\t\t\t\t\t\t\t\t\t<input size=\"1\" type=\"email\" name=\"form_fields[email]\" id=\"form-field-email\" class=\"elementor-field elementor-size-md  elementor-field-textual\" placeholder=\"Email *\" required=\"required\">\n\t\t\t\t\t\t\t\t\t\t\t<\/div>\n\t\t\t\t\t\t\t\t<div class=\"elementor-field-type-tel elementor-field-group elementor-column elementor-field-group-field_2416104 elementor-col-100 elementor-field-required\">\n\t\t\t\t\t\t\t\t\t\t\t\t<label for=\"form-field-field_2416104\" class=\"elementor-field-label elementor-screen-only\">\n\t\t\t\t\t\t\t\tT\u00e9l\u00e9phone\t\t\t\t\t\t\t<\/label>\n\t\t\t\t\t\t\t\t<input size=\"1\" type=\"tel\" name=\"form_fields[field_2416104]\" id=\"form-field-field_2416104\" class=\"elementor-field elementor-size-md  elementor-field-textual\" placeholder=\"T\u00e9l\u00e9phone *\" required=\"required\" pattern=\"[0-9()#&amp;+*-=.]+\" title=\"Only numbers and phone characters (#, -, *, etc) are accepted.\">\n\n\t\t\t\t\t\t<\/div>\n\t\t\t\t\t\t\t\t<div class=\"elementor-field-type-select elementor-field-group elementor-column elementor-field-group-field_479c364 elementor-col-100 elementor-field-required\">\n\t\t\t\t\t\t\t\t\t\t\t\t<label for=\"form-field-field_479c364\" class=\"elementor-field-label elementor-screen-only\">\n\t\t\t\t\t\t\t\tIntitul\u00e9 du poste\t\t\t\t\t\t\t<\/label>\n\t\t\t\t\t\t\t\t<div class=\"elementor-field elementor-select-wrapper remove-before \">\n\t\t\t<div class=\"select-caret-down-wrapper\">\n\t\t\t\t<i aria-hidden=\"true\" class=\"eicon-caret-down\"><\/i>\t\t\t<\/div>\n\t\t\t<select name=\"form_fields[field_479c364]\" id=\"form-field-field_479c364\" class=\"elementor-field-textual elementor-size-md\" required=\"required\">\n\t\t\t\t\t\t\t\t\t<option value=\"Choisissez l&#039;intitul\u00e9 du poste *\">Choisissez l&#039;intitul\u00e9 du poste *<\/option>\n\t\t\t\t\t\t\t\t\t<option value=\"Aide-cuisinier\">Aide-cuisinier<\/option>\n\t\t\t\t\t\t\t\t\t<option value=\"Assistant de bar ou de salle\">Assistant de bar ou de salle<\/option>\n\t\t\t\t\t\t\t\t\t<option value=\"Job \u00e9tudiant\/Flexijob\">Job \u00e9tudiant\/Flexijob<\/option>\n\t\t\t\t\t\t\t\t\t<option value=\"\"><\/option>\n\t\t\t\t\t\t\t<\/select>\n\t\t<\/div>\n\t\t\t\t\t\t<\/div>\n\t\t\t\t\t\t\t\t<div class=\"elementor-field-type-textarea elementor-field-group elementor-column elementor-field-group-message elementor-col-100 elementor-field-required\">\n\t\t\t\t\t\t\t\t\t\t\t\t<label for=\"form-field-message\" class=\"elementor-field-label elementor-screen-only\">\n\t\t\t\t\t\t\t\tMotivation \t\t\t\t\t\t\t<\/label>\n\t\t\t\t\t\t<textarea class=\"elementor-field-textual elementor-field  elementor-size-md\" name=\"form_fields[message]\" id=\"form-field-message\" rows=\"4\" placeholder=\"Motivation *\" required=\"required\"><\/textarea>\t\t\t\t<\/div>\n\t\t\t\t\t\t\t\t<div class=\"elementor-field-type-upload elementor-field-group elementor-column elementor-field-group-field_407f13e elementor-col-100\">\n\t\t\t\t\t\t\t<input type=\"file\" name=\"form_fields[field_407f13e][]\" id=\"form-field-field_407f13e\" class=\"elementor-field elementor-size-md  elementor-upload-field\" multiple=\"multiple\" data-maxsize=\"10\" data-maxsize-message=\"This file exceeds the maximum allowed size.\">\n\n\t\t\t\t\t\t<\/div>\n\t\t\t\t\t\t\t\t<div class=\"elementor-field-type-text\">\n\t\t\t\t\t<input size=\"1\" type=\"text\" name=\"form_fields[field_9ea5b87]\" id=\"form-field-field_9ea5b87\" class=\"elementor-field elementor-size-md \" style=\"display:none !important;\">\t\t\t\t<\/div>\n\t\t\t\t\t\t\t\t<div class=\"elementor-field-type-recaptcha_v3 elementor-field-group elementor-column elementor-field-group-field_bac1fd6 elementor-col-100 recaptcha_v3-bottomleft\">\n\t\t\t\t\t<div class=\"elementor-field\" id=\"form-field-field_bac1fd6\"><div class=\"elementor-g-recaptcha\" data-sitekey=\"6Les_NomAAAAAO5tkwahZHfDfGoRRFnU5dyrJJHB\" data-type=\"v3\" data-action=\"Form\" data-badge=\"bottomleft\" data-size=\"invisible\"><\/div><\/div>\t\t\t\t<\/div>\n\t\t\t\t\t\t\t\t<div class=\"elementor-field-group elementor-column elementor-field-type-submit elementor-col-100 e-form__buttons\">\n\t\t\t\t\t<button class=\"elementor-button elementor-size-sm\" type=\"submit\">\n\t\t\t\t\t\t<span class=\"elementor-button-content-wrapper\">\n\t\t\t\t\t\t\t\t\t\t\t\t\t\t\t\t\t\t\t\t\t\t<span class=\"elementor-button-text\">Envoyer<\/span>\n\t\t\t\t\t\t\t\t\t\t\t\t\t<\/span>\n\t\t\t\t\t<\/button>\n\t\t\t\t<\/div>\n\t\t\t<\/div>\n\t\t<\/form>\n\t\t\t\t\t\t<\/div>\n\t\t\t\t<\/div>\n\t\t\t\t\t<\/div>\n\t\t\t\t<\/div>\n\t\t\t\t\t<\/div>\n\t\t\t\t<\/div>\n\t\t\t\t<\/div>\n\t\t","protected":false},"excerpt":{"rendered":"<p>Postes \u00e0 pourvoir &#8230; Assistant de bar ou Assistent de salle Job \u00e9tudiant\/Flexijob Envoyez votre CV \u00e0 jorn@sphere-knokke.be et qui sait, nous vous accueillerons peut-\u00eatre bient\u00f4t dans notre \u00e9quipe ! Demande d&#8217;emploi<\/p>\n","protected":false},"author":1,"featured_media":0,"parent":0,"menu_order":0,"comment_status":"closed","ping_status":"closed","template":"elementor_header_footer","meta":{"footnotes":""},"class_list":["post-903","page","type-page","status-publish","hentry"],"yoast_head":"<!-- This site is optimized with the Yoast SEO plugin v27.3 - https:\/\/yoast.com\/product\/yoast-seo-wordpress\/ -->\n<title>Rejoignez notre \u00e9quipe | Carri\u00e8res chez Sphere Knokke-Heist<\/title>\n<meta name=\"description\" content=\"Travaillez dans une ambiance anim\u00e9e en bord de mer chez Sphere. Nous recherchons des professionnels talentueux pour des postes en cuisine, service et plus encore - tous passionn\u00e9s par l&#039;excellence.\" \/>\n<meta name=\"robots\" content=\"index, follow, max-snippet:-1, max-image-preview:large, max-video-preview:-1\" \/>\n<link rel=\"canonical\" href=\"https:\/\/sphere-knokke.be\/fr\/emplois\/\" \/>\n<meta property=\"og:locale\" content=\"fr_FR\" \/>\n<meta property=\"og:type\" content=\"article\" \/>\n<meta property=\"og:title\" content=\"Rejoignez notre \u00e9quipe | Carri\u00e8res chez Sphere Knokke-Heist\" \/>\n<meta property=\"og:description\" content=\"Travaillez dans une ambiance anim\u00e9e en bord de mer chez Sphere. Nous recherchons des professionnels talentueux pour des postes en cuisine, service et plus encore - tous passionn\u00e9s par l&#039;excellence.\" \/>\n<meta property=\"og:url\" content=\"https:\/\/sphere-knokke.be\/fr\/emplois\/\" \/>\n<meta property=\"og:site_name\" content=\"Sphere Knokke\" \/>\n<meta property=\"article:modified_time\" content=\"2025-05-27T16:50:40+00:00\" \/>\n<meta name=\"twitter:card\" content=\"summary_large_image\" \/>\n<script type=\"application\/ld+json\" class=\"yoast-schema-graph\">{\"@context\":\"https:\\\/\\\/schema.org\",\"@graph\":[{\"@type\":\"WebPage\",\"@id\":\"https:\\\/\\\/sphere-knokke.be\\\/fr\\\/emplois\\\/\",\"url\":\"https:\\\/\\\/sphere-knokke.be\\\/fr\\\/emplois\\\/\",\"name\":\"Rejoignez notre \u00e9quipe | Carri\u00e8res chez Sphere Knokke-Heist\",\"isPartOf\":{\"@id\":\"https:\\\/\\\/sphere-knokke.be\\\/fr\\\/#website\"},\"datePublished\":\"2023-04-28T05:35:30+00:00\",\"dateModified\":\"2025-05-27T16:50:40+00:00\",\"description\":\"Travaillez dans une ambiance anim\u00e9e en bord de mer chez Sphere. Nous recherchons des professionnels talentueux pour des postes en cuisine, service et plus encore - tous passionn\u00e9s par l'excellence.\",\"breadcrumb\":{\"@id\":\"https:\\\/\\\/sphere-knokke.be\\\/fr\\\/emplois\\\/#breadcrumb\"},\"inLanguage\":\"fr-BE\",\"potentialAction\":[{\"@type\":\"ReadAction\",\"target\":[\"https:\\\/\\\/sphere-knokke.be\\\/fr\\\/emplois\\\/\"]}]},{\"@type\":\"BreadcrumbList\",\"@id\":\"https:\\\/\\\/sphere-knokke.be\\\/fr\\\/emplois\\\/#breadcrumb\",\"itemListElement\":[{\"@type\":\"ListItem\",\"position\":1,\"name\":\"Home\",\"item\":\"https:\\\/\\\/sphere-knokke.be\\\/fr\\\/\"},{\"@type\":\"ListItem\",\"position\":2,\"name\":\"Emplois\"}]},{\"@type\":\"WebSite\",\"@id\":\"https:\\\/\\\/sphere-knokke.be\\\/fr\\\/#website\",\"url\":\"https:\\\/\\\/sphere-knokke.be\\\/fr\\\/\",\"name\":\"Sphere Knokke\",\"description\":\"We move with you ...\",\"publisher\":{\"@id\":\"https:\\\/\\\/sphere-knokke.be\\\/fr\\\/#organization\"},\"potentialAction\":[{\"@type\":\"SearchAction\",\"target\":{\"@type\":\"EntryPoint\",\"urlTemplate\":\"https:\\\/\\\/sphere-knokke.be\\\/fr\\\/?s={search_term_string}\"},\"query-input\":{\"@type\":\"PropertyValueSpecification\",\"valueRequired\":true,\"valueName\":\"search_term_string\"}}],\"inLanguage\":\"fr-BE\"},{\"@type\":\"Organization\",\"@id\":\"https:\\\/\\\/sphere-knokke.be\\\/fr\\\/#organization\",\"name\":\"Sphere Knokke\",\"url\":\"https:\\\/\\\/sphere-knokke.be\\\/fr\\\/\",\"logo\":{\"@type\":\"ImageObject\",\"inLanguage\":\"fr-BE\",\"@id\":\"https:\\\/\\\/sphere-knokke.be\\\/fr\\\/#\\\/schema\\\/logo\\\/image\\\/\",\"url\":\"https:\\\/\\\/sphere-knokke.be\\\/wp-content\\\/uploads\\\/2023\\\/04\\\/SPHERE_Logo_Zwart.png\",\"contentUrl\":\"https:\\\/\\\/sphere-knokke.be\\\/wp-content\\\/uploads\\\/2023\\\/04\\\/SPHERE_Logo_Zwart.png\",\"width\":1000,\"height\":1000,\"caption\":\"Sphere Knokke\"},\"image\":{\"@id\":\"https:\\\/\\\/sphere-knokke.be\\\/fr\\\/#\\\/schema\\\/logo\\\/image\\\/\"}}]}<\/script>\n<!-- \/ Yoast SEO plugin. -->","yoast_head_json":{"title":"Rejoignez notre \u00e9quipe | Carri\u00e8res chez Sphere Knokke-Heist","description":"Travaillez dans une ambiance anim\u00e9e en bord de mer chez Sphere. Nous recherchons des professionnels talentueux pour des postes en cuisine, service et plus encore - tous passionn\u00e9s par l'excellence.","robots":{"index":"index","follow":"follow","max-snippet":"max-snippet:-1","max-image-preview":"max-image-preview:large","max-video-preview":"max-video-preview:-1"},"canonical":"https:\/\/sphere-knokke.be\/fr\/emplois\/","og_locale":"fr_FR","og_type":"article","og_title":"Rejoignez notre \u00e9quipe | Carri\u00e8res chez Sphere Knokke-Heist","og_description":"Travaillez dans une ambiance anim\u00e9e en bord de mer chez Sphere. Nous recherchons des professionnels talentueux pour des postes en cuisine, service et plus encore - tous passionn\u00e9s par l'excellence.","og_url":"https:\/\/sphere-knokke.be\/fr\/emplois\/","og_site_name":"Sphere Knokke","article_modified_time":"2025-05-27T16:50:40+00:00","twitter_card":"summary_large_image","schema":{"@context":"https:\/\/schema.org","@graph":[{"@type":"WebPage","@id":"https:\/\/sphere-knokke.be\/fr\/emplois\/","url":"https:\/\/sphere-knokke.be\/fr\/emplois\/","name":"Rejoignez notre \u00e9quipe | Carri\u00e8res chez Sphere Knokke-Heist","isPartOf":{"@id":"https:\/\/sphere-knokke.be\/fr\/#website"},"datePublished":"2023-04-28T05:35:30+00:00","dateModified":"2025-05-27T16:50:40+00:00","description":"Travaillez dans une ambiance anim\u00e9e en bord de mer chez Sphere. Nous recherchons des professionnels talentueux pour des postes en cuisine, service et plus encore - tous passionn\u00e9s par l'excellence.","breadcrumb":{"@id":"https:\/\/sphere-knokke.be\/fr\/emplois\/#breadcrumb"},"inLanguage":"fr-BE","potentialAction":[{"@type":"ReadAction","target":["https:\/\/sphere-knokke.be\/fr\/emplois\/"]}]},{"@type":"BreadcrumbList","@id":"https:\/\/sphere-knokke.be\/fr\/emplois\/#breadcrumb","itemListElement":[{"@type":"ListItem","position":1,"name":"Home","item":"https:\/\/sphere-knokke.be\/fr\/"},{"@type":"ListItem","position":2,"name":"Emplois"}]},{"@type":"WebSite","@id":"https:\/\/sphere-knokke.be\/fr\/#website","url":"https:\/\/sphere-knokke.be\/fr\/","name":"Sphere Knokke","description":"We move with you ...","publisher":{"@id":"https:\/\/sphere-knokke.be\/fr\/#organization"},"potentialAction":[{"@type":"SearchAction","target":{"@type":"EntryPoint","urlTemplate":"https:\/\/sphere-knokke.be\/fr\/?s={search_term_string}"},"query-input":{"@type":"PropertyValueSpecification","valueRequired":true,"valueName":"search_term_string"}}],"inLanguage":"fr-BE"},{"@type":"Organization","@id":"https:\/\/sphere-knokke.be\/fr\/#organization","name":"Sphere Knokke","url":"https:\/\/sphere-knokke.be\/fr\/","logo":{"@type":"ImageObject","inLanguage":"fr-BE","@id":"https:\/\/sphere-knokke.be\/fr\/#\/schema\/logo\/image\/","url":"https:\/\/sphere-knokke.be\/wp-content\/uploads\/2023\/04\/SPHERE_Logo_Zwart.png","contentUrl":"https:\/\/sphere-knokke.be\/wp-content\/uploads\/2023\/04\/SPHERE_Logo_Zwart.png","width":1000,"height":1000,"caption":"Sphere Knokke"},"image":{"@id":"https:\/\/sphere-knokke.be\/fr\/#\/schema\/logo\/image\/"}}]}},"_links":{"self":[{"href":"https:\/\/sphere-knokke.be\/fr\/wp-json\/wp\/v2\/pages\/903","targetHints":{"allow":["GET"]}}],"collection":[{"href":"https:\/\/sphere-knokke.be\/fr\/wp-json\/wp\/v2\/pages"}],"about":[{"href":"https:\/\/sphere-knokke.be\/fr\/wp-json\/wp\/v2\/types\/page"}],"author":[{"embeddable":true,"href":"https:\/\/sphere-knokke.be\/fr\/wp-json\/wp\/v2\/users\/1"}],"replies":[{"embeddable":true,"href":"https:\/\/sphere-knokke.be\/fr\/wp-json\/wp\/v2\/comments?post=903"}],"version-history":[{"count":2,"href":"https:\/\/sphere-knokke.be\/fr\/wp-json\/wp\/v2\/pages\/903\/revisions"}],"predecessor-version":[{"id":1038,"href":"https:\/\/sphere-knokke.be\/fr\/wp-json\/wp\/v2\/pages\/903\/revisions\/1038"}],"wp:attachment":[{"href":"https:\/\/sphere-knokke.be\/fr\/wp-json\/wp\/v2\/media?parent=903"}],"curies":[{"name":"wp","href":"https:\/\/api.w.org\/{rel}","templated":true}]}}