{"id":901,"date":"2023-04-28T05:34:53","date_gmt":"2023-04-28T05:34:53","guid":{"rendered":"https:\/\/sphere-knokke.be\/bon-espace\/"},"modified":"2024-07-15T07:31:36","modified_gmt":"2024-07-15T07:31:36","slug":"bon-atmosphere","status":"publish","type":"page","link":"https:\/\/sphere-knokke.be\/fr\/bon-atmosphere\/","title":{"rendered":"Bon atmosphere"},"content":{"rendered":"\t\t<div data-elementor-type=\"wp-page\" data-elementor-id=\"901\" class=\"elementor elementor-901 elementor-42\" data-elementor-post-type=\"page\">\n\t\t\t\t<div class=\"elementor-element elementor-element-fa222c6 e-flex e-con-boxed e-con e-parent\" data-id=\"fa222c6\" data-element_type=\"container\" data-e-type=\"container\" data-settings=\"{&quot;background_background&quot;:&quot;classic&quot;}\">\n\t\t\t\t\t<div class=\"e-con-inner\">\n\t\t<div class=\"elementor-element elementor-element-cdeb99c e-con-full e-flex e-con e-child\" data-id=\"cdeb99c\" data-element_type=\"container\" data-e-type=\"container\">\n\t\t\t\t<div class=\"elementor-element elementor-element-3bbfe6f elementor-hidden-desktop elementor-widget elementor-widget-image\" data-id=\"3bbfe6f\" data-element_type=\"widget\" data-e-type=\"widget\" data-widget_type=\"image.default\">\n\t\t\t\t<div class=\"elementor-widget-container\">\n\t\t\t\t\t\t\t\t\t\t\t\t\t\t\t<img fetchpriority=\"high\" decoding=\"async\" width=\"800\" height=\"534\" src=\"https:\/\/sphere-knokke.be\/wp-content\/uploads\/2024\/07\/I60A4903L-1024x683.jpg\" class=\"attachment-large size-large wp-image-873\" alt=\"\" srcset=\"https:\/\/sphere-knokke.be\/wp-content\/uploads\/2024\/07\/I60A4903L-1024x683.jpg 1024w, https:\/\/sphere-knokke.be\/wp-content\/uploads\/2024\/07\/I60A4903L-300x200.jpg 300w, https:\/\/sphere-knokke.be\/wp-content\/uploads\/2024\/07\/I60A4903L-768x512.jpg 768w, https:\/\/sphere-knokke.be\/wp-content\/uploads\/2024\/07\/I60A4903L-1536x1024.jpg 1536w, https:\/\/sphere-knokke.be\/wp-content\/uploads\/2024\/07\/I60A4903L.jpg 1800w\" sizes=\"(max-width: 800px) 100vw, 800px\" \/>\t\t\t\t\t\t\t\t\t\t\t\t\t\t\t<\/div>\n\t\t\t\t<\/div>\n\t\t\t\t<\/div>\n\t\t<div class=\"elementor-element elementor-element-e267598 e-con-full e-flex e-con e-child\" data-id=\"e267598\" data-element_type=\"container\" data-e-type=\"container\" data-settings=\"{&quot;background_background&quot;:&quot;classic&quot;}\">\n\t\t\t\t<div class=\"elementor-element elementor-element-a36f9f7 elementor-invisible elementor-widget elementor-widget-elementskit-motion-text\" data-id=\"a36f9f7\" data-element_type=\"widget\" data-e-type=\"widget\" data-settings=\"{&quot;_animation_delay&quot;:100,&quot;_animation&quot;:&quot;fadeIn&quot;}\" data-widget_type=\"elementskit-motion-text.default\">\n\t\t\t\t<div class=\"elementor-widget-container\">\n\t\t\t\t\t<div class=\"ekit-wid-con\" >\t\t<div class=\"elementskit_motion_text_wraper\">\n\t\t\t\t\t\t<div class=\"ekit_motion_text_inner_wraper \" >\n\t\t\t<h2 class=\"ekit_motion_text_title ekit_animation  ekit_char_based ekit_char_based\" data-ekit-animation-delay-s=\"10\" data-animate-class=\"ekit-oaoRotateXIn\"><span class=\"ekit_motion_text\" data-ekit-animation-delay=\"10\">Nous \u00e9voluons ensemble ...<\/span>\t\t\t\t<\/h2>\t\t\t\t\t\t\t\t\t<\/div>\n\t\t<\/div>\n\n\t\t<\/div>\t\t\t\t<\/div>\n\t\t\t\t<\/div>\n\t\t\t\t<div class=\"elementor-element elementor-element-8e027d9 elementor-invisible elementor-widget elementor-widget-text-editor\" data-id=\"8e027d9\" data-element_type=\"widget\" data-e-type=\"widget\" data-settings=\"{&quot;_animation&quot;:&quot;fadeIn&quot;,&quot;_animation_delay&quot;:800}\" data-widget_type=\"text-editor.default\">\n\t\t\t\t<div class=\"elementor-widget-container\">\n\t\t\t\t\t\t\t\t\t<p>Chez &lsquo;Sphere&rsquo;, l&rsquo;exp\u00e9rience change selon des saisons, le temps et l&rsquo;heure de la journ\u00e9e. Soleil, vent, pluie, orage, lumi\u00e8re, obscurit\u00e9&#8230; La coupole est soumise aux \u00e9l\u00e9ments naturels, en faisant en sorte que la \u00ab\u00a0sph\u00e8re\u00a0\u00bb change tout le temps et qu&rsquo;aucune visite ne resemble \u00e0 la pr\u00e9c\u00e9dente.<\/p>\t\t\t\t\t\t\t\t<\/div>\n\t\t\t\t<\/div>\n\t\t\t\t<\/div>\n\t\t\t\t\t<\/div>\n\t\t\t\t<\/div>\n\t\t<div class=\"elementor-element elementor-element-6e8caf1 e-flex e-con-boxed e-con e-parent\" data-id=\"6e8caf1\" data-element_type=\"container\" data-e-type=\"container\" data-settings=\"{&quot;background_background&quot;:&quot;classic&quot;}\">\n\t\t\t\t\t<div class=\"e-con-inner\">\n\t\t<div class=\"elementor-element elementor-element-46619ae e-con-full e-flex e-con e-child\" data-id=\"46619ae\" data-element_type=\"container\" data-e-type=\"container\" data-settings=\"{&quot;background_background&quot;:&quot;classic&quot;}\">\n\t\t\t\t<div class=\"elementor-element elementor-element-9212577 elementor-widget-tablet__width-initial elementor-widget-mobile__width-initial elementor-invisible elementor-widget elementor-widget-elementskit-motion-text\" data-id=\"9212577\" data-element_type=\"widget\" data-e-type=\"widget\" data-settings=\"{&quot;_animation_delay&quot;:100,&quot;_animation&quot;:&quot;fadeIn&quot;}\" data-widget_type=\"elementskit-motion-text.default\">\n\t\t\t\t<div class=\"elementor-widget-container\">\n\t\t\t\t\t<div class=\"ekit-wid-con\" >\t\t<div class=\"elementskit_motion_text_wraper\">\n\t\t\t\t\t\t<div class=\"ekit_motion_text_inner_wraper \" >\n\t\t\t<h2 class=\"ekit_motion_text_title ekit_animation  ekit_char_based ekit_char_based\" data-ekit-animation-delay-s=\"10\" data-animate-class=\"ekit-oaoRotateXIn\"><span class=\"ekit_motion_text\" data-ekit-animation-delay=\"10\">Une exp\u00e9rience multidimensionnelle ...<\/span>\t\t\t\t<\/h2>\t\t\t\t\t\t\t\t\t<\/div>\n\t\t<\/div>\n\n\t\t<\/div>\t\t\t\t<\/div>\n\t\t\t\t<\/div>\n\t\t\t\t<div class=\"elementor-element elementor-element-572ff30 elementor-invisible elementor-widget elementor-widget-text-editor\" data-id=\"572ff30\" data-element_type=\"widget\" data-e-type=\"widget\" data-settings=\"{&quot;_animation&quot;:&quot;fadeIn&quot;,&quot;_animation_delay&quot;:800}\" data-widget_type=\"text-editor.default\">\n\t\t\t\t<div class=\"elementor-widget-container\">\n\t\t\t\t\t\t\t\t\t<p>Le design simple mais r\u00e9fl\u00e9chi se pr\u00eate \u00e0 diff\u00e9rentes occasions et combine le \u00ab\u00a0chic Knokke\u00a0\u00bb avec une ambiance m\u00e9diterran\u00e9enne.<\/p>\t\t\t\t\t\t\t\t<\/div>\n\t\t\t\t<\/div>\n\t\t\t\t<\/div>\n\t\t<div class=\"elementor-element elementor-element-b766a4e e-con-full e-flex e-con e-child\" data-id=\"b766a4e\" data-element_type=\"container\" data-e-type=\"container\">\n\t\t\t\t<div class=\"elementor-element elementor-element-7c9abf3 elementor-hidden-desktop elementor-widget elementor-widget-image\" data-id=\"7c9abf3\" data-element_type=\"widget\" data-e-type=\"widget\" data-widget_type=\"image.default\">\n\t\t\t\t<div class=\"elementor-widget-container\">\n\t\t\t\t\t\t\t\t\t\t\t\t\t\t\t<img decoding=\"async\" width=\"800\" height=\"534\" src=\"https:\/\/sphere-knokke.be\/wp-content\/uploads\/2023\/05\/SPHERE_15-1024x683.jpg\" class=\"attachment-large size-large wp-image-809\" alt=\"\" srcset=\"https:\/\/sphere-knokke.be\/wp-content\/uploads\/2023\/05\/SPHERE_15-1024x683.jpg 1024w, https:\/\/sphere-knokke.be\/wp-content\/uploads\/2023\/05\/SPHERE_15-300x200.jpg 300w, https:\/\/sphere-knokke.be\/wp-content\/uploads\/2023\/05\/SPHERE_15-768x512.jpg 768w, https:\/\/sphere-knokke.be\/wp-content\/uploads\/2023\/05\/SPHERE_15-1536x1024.jpg 1536w, https:\/\/sphere-knokke.be\/wp-content\/uploads\/2023\/05\/SPHERE_15.jpg 1800w\" sizes=\"(max-width: 800px) 100vw, 800px\" \/>\t\t\t\t\t\t\t\t\t\t\t\t\t\t\t<\/div>\n\t\t\t\t<\/div>\n\t\t\t\t<\/div>\n\t\t\t\t\t<\/div>\n\t\t\t\t<\/div>\n\t\t<div class=\"elementor-element elementor-element-dfc6d87 e-flex e-con-boxed e-con e-parent\" data-id=\"dfc6d87\" data-element_type=\"container\" data-e-type=\"container\" data-settings=\"{&quot;background_background&quot;:&quot;classic&quot;}\">\n\t\t\t\t\t<div class=\"e-con-inner\">\n\t\t<div class=\"elementor-element elementor-element-82c8641 e-con-full e-flex e-con e-child\" data-id=\"82c8641\" data-element_type=\"container\" data-e-type=\"container\">\n\t\t\t\t<div class=\"elementor-element elementor-element-244506f elementor-hidden-desktop elementor-widget elementor-widget-image\" data-id=\"244506f\" data-element_type=\"widget\" data-e-type=\"widget\" data-widget_type=\"image.default\">\n\t\t\t\t<div class=\"elementor-widget-container\">\n\t\t\t\t\t\t\t\t\t\t\t\t\t\t\t<img decoding=\"async\" width=\"800\" height=\"534\" src=\"https:\/\/sphere-knokke.be\/wp-content\/uploads\/2023\/05\/SPHERE_19-1024x683.jpg\" class=\"attachment-large size-large wp-image-825\" alt=\"\" srcset=\"https:\/\/sphere-knokke.be\/wp-content\/uploads\/2023\/05\/SPHERE_19-1024x683.jpg 1024w, https:\/\/sphere-knokke.be\/wp-content\/uploads\/2023\/05\/SPHERE_19-300x200.jpg 300w, https:\/\/sphere-knokke.be\/wp-content\/uploads\/2023\/05\/SPHERE_19-768x512.jpg 768w, https:\/\/sphere-knokke.be\/wp-content\/uploads\/2023\/05\/SPHERE_19-1536x1024.jpg 1536w, https:\/\/sphere-knokke.be\/wp-content\/uploads\/2023\/05\/SPHERE_19.jpg 1800w\" sizes=\"(max-width: 800px) 100vw, 800px\" \/>\t\t\t\t\t\t\t\t\t\t\t\t\t\t\t<\/div>\n\t\t\t\t<\/div>\n\t\t\t\t<\/div>\n\t\t<div class=\"elementor-element elementor-element-b3422e2 e-con-full e-flex e-con e-child\" data-id=\"b3422e2\" data-element_type=\"container\" data-e-type=\"container\" data-settings=\"{&quot;background_background&quot;:&quot;classic&quot;}\">\n\t\t\t\t<div class=\"elementor-element elementor-element-da11309 elementor-invisible elementor-widget elementor-widget-elementskit-motion-text\" data-id=\"da11309\" data-element_type=\"widget\" data-e-type=\"widget\" data-settings=\"{&quot;_animation_delay&quot;:100,&quot;_animation&quot;:&quot;fadeIn&quot;}\" data-widget_type=\"elementskit-motion-text.default\">\n\t\t\t\t<div class=\"elementor-widget-container\">\n\t\t\t\t\t<div class=\"ekit-wid-con\" >\t\t<div class=\"elementskit_motion_text_wraper\">\n\t\t\t\t\t\t<div class=\"ekit_motion_text_inner_wraper \" >\n\t\t\t<h2 class=\"ekit_motion_text_title ekit_animation  ekit_char_based ekit_char_based\" data-ekit-animation-delay-s=\"10\" data-animate-class=\"ekit-oaoRotateXIn\"><span class=\"ekit_motion_text\" data-ekit-animation-delay=\"10\">L'\u00e9t\u00e9 en ville ...<\/span>\t\t\t\t<\/h2>\t\t\t\t\t\t\t\t\t<\/div>\n\t\t<\/div>\n\n\t\t<\/div>\t\t\t\t<\/div>\n\t\t\t\t<\/div>\n\t\t\t\t<div class=\"elementor-element elementor-element-93580bf elementor-invisible elementor-widget elementor-widget-text-editor\" data-id=\"93580bf\" data-element_type=\"widget\" data-e-type=\"widget\" data-settings=\"{&quot;_animation&quot;:&quot;fadeIn&quot;,&quot;_animation_delay&quot;:800}\" data-widget_type=\"text-editor.default\">\n\t\t\t\t<div class=\"elementor-widget-container\">\n\t\t\t\t\t\t\t\t\t<p>Venez profiter de l&rsquo;\u00e9t\u00e9 sur la terrasse ! La pause parfaite entre le shopping et une visite \u00e0 la mer. Une boisson rafra\u00eechissante, une bouch\u00e9e rapide et la \u00ab\u00a0sph\u00e8re\u00a0\u00bb de l&rsquo;\u00e9t\u00e9&#8230; Une journ\u00e9e bien remplie !<\/p>\t\t\t\t\t\t\t\t<\/div>\n\t\t\t\t<\/div>\n\t\t\t\t<\/div>\n\t\t\t\t\t<\/div>\n\t\t\t\t<\/div>\n\t\t\t\t<\/div>\n\t\t","protected":false},"excerpt":{"rendered":"<p>Nous \u00e9voluons ensemble &#8230; Chez &lsquo;Sphere&rsquo;, l&rsquo;exp\u00e9rience change selon des saisons, le temps et l&rsquo;heure de la journ\u00e9e. Soleil, vent, pluie, orage, lumi\u00e8re, obscurit\u00e9&#8230; La coupole est soumise aux \u00e9l\u00e9ments naturels, en faisant en sorte que la \u00ab\u00a0sph\u00e8re\u00a0\u00bb change tout le temps et qu&rsquo;aucune visite ne resemble \u00e0 la pr\u00e9c\u00e9dente. Une exp\u00e9rience multidimensionnelle &#8230; Le [&hellip;]<\/p>\n","protected":false},"author":1,"featured_media":0,"parent":0,"menu_order":0,"comment_status":"closed","ping_status":"closed","template":"elementor_header_footer","meta":{"footnotes":""},"class_list":["post-901","page","type-page","status-publish","hentry"],"yoast_head":"<!-- This site is optimized with the Yoast SEO plugin v27.3 - https:\/\/yoast.com\/product\/yoast-seo-wordpress\/ -->\n<title>\u00c9t\u00e9 chez Sphere | Boissons rafra\u00eechissantes &amp; cuisine c\u00f4ti\u00e8re<\/title>\n<meta name=\"description\" content=\"Vivez une exp\u00e9rience culinaire unique chez Sphere, o\u00f9 l&#039;ambiance \u00e9volue au gr\u00e9 des saisons et de la m\u00e9t\u00e9o. Rejoignez-nous pour une escapade estivale en bord de mer.\" \/>\n<meta name=\"robots\" content=\"index, follow, max-snippet:-1, max-image-preview:large, max-video-preview:-1\" \/>\n<link rel=\"canonical\" href=\"https:\/\/sphere-knokke.be\/fr\/bon-atmosphere\/\" \/>\n<meta property=\"og:locale\" content=\"fr_FR\" \/>\n<meta property=\"og:type\" content=\"article\" \/>\n<meta property=\"og:title\" content=\"\u00c9t\u00e9 chez Sphere | Boissons rafra\u00eechissantes &amp; cuisine c\u00f4ti\u00e8re\" \/>\n<meta property=\"og:description\" content=\"Vivez une exp\u00e9rience culinaire unique chez Sphere, o\u00f9 l&#039;ambiance \u00e9volue au gr\u00e9 des saisons et de la m\u00e9t\u00e9o. Rejoignez-nous pour une escapade estivale en bord de mer.\" \/>\n<meta property=\"og:url\" content=\"https:\/\/sphere-knokke.be\/fr\/bon-atmosphere\/\" \/>\n<meta property=\"og:site_name\" content=\"Sphere Knokke\" \/>\n<meta property=\"article:modified_time\" content=\"2024-07-15T07:31:36+00:00\" \/>\n<meta property=\"og:image\" content=\"https:\/\/sphere-knokke.be\/wp-content\/uploads\/2024\/07\/I60A4903L-1024x683.jpg\" \/>\n<meta name=\"twitter:card\" content=\"summary_large_image\" \/>\n<meta name=\"twitter:label1\" content=\"Dur\u00e9e de lecture est.\" \/>\n\t<meta name=\"twitter:data1\" content=\"2 minutes\" \/>\n<script type=\"application\/ld+json\" class=\"yoast-schema-graph\">{\"@context\":\"https:\\\/\\\/schema.org\",\"@graph\":[{\"@type\":\"WebPage\",\"@id\":\"https:\\\/\\\/sphere-knokke.be\\\/fr\\\/bon-atmosphere\\\/\",\"url\":\"https:\\\/\\\/sphere-knokke.be\\\/fr\\\/bon-atmosphere\\\/\",\"name\":\"\u00c9t\u00e9 chez Sphere | Boissons rafra\u00eechissantes & cuisine c\u00f4ti\u00e8re\",\"isPartOf\":{\"@id\":\"https:\\\/\\\/sphere-knokke.be\\\/fr\\\/#website\"},\"primaryImageOfPage\":{\"@id\":\"https:\\\/\\\/sphere-knokke.be\\\/fr\\\/bon-atmosphere\\\/#primaryimage\"},\"image\":{\"@id\":\"https:\\\/\\\/sphere-knokke.be\\\/fr\\\/bon-atmosphere\\\/#primaryimage\"},\"thumbnailUrl\":\"https:\\\/\\\/sphere-knokke.be\\\/wp-content\\\/uploads\\\/2024\\\/07\\\/I60A4903L-1024x683.jpg\",\"datePublished\":\"2023-04-28T05:34:53+00:00\",\"dateModified\":\"2024-07-15T07:31:36+00:00\",\"description\":\"Vivez une exp\u00e9rience culinaire unique chez Sphere, o\u00f9 l'ambiance \u00e9volue au gr\u00e9 des saisons et de la m\u00e9t\u00e9o. Rejoignez-nous pour une escapade estivale en bord de mer.\",\"breadcrumb\":{\"@id\":\"https:\\\/\\\/sphere-knokke.be\\\/fr\\\/bon-atmosphere\\\/#breadcrumb\"},\"inLanguage\":\"fr-BE\",\"potentialAction\":[{\"@type\":\"ReadAction\",\"target\":[\"https:\\\/\\\/sphere-knokke.be\\\/fr\\\/bon-atmosphere\\\/\"]}]},{\"@type\":\"ImageObject\",\"inLanguage\":\"fr-BE\",\"@id\":\"https:\\\/\\\/sphere-knokke.be\\\/fr\\\/bon-atmosphere\\\/#primaryimage\",\"url\":\"https:\\\/\\\/sphere-knokke.be\\\/wp-content\\\/uploads\\\/2024\\\/07\\\/I60A4903L-1024x683.jpg\",\"contentUrl\":\"https:\\\/\\\/sphere-knokke.be\\\/wp-content\\\/uploads\\\/2024\\\/07\\\/I60A4903L-1024x683.jpg\"},{\"@type\":\"BreadcrumbList\",\"@id\":\"https:\\\/\\\/sphere-knokke.be\\\/fr\\\/bon-atmosphere\\\/#breadcrumb\",\"itemListElement\":[{\"@type\":\"ListItem\",\"position\":1,\"name\":\"Home\",\"item\":\"https:\\\/\\\/sphere-knokke.be\\\/fr\\\/\"},{\"@type\":\"ListItem\",\"position\":2,\"name\":\"Bon atmosphere\"}]},{\"@type\":\"WebSite\",\"@id\":\"https:\\\/\\\/sphere-knokke.be\\\/fr\\\/#website\",\"url\":\"https:\\\/\\\/sphere-knokke.be\\\/fr\\\/\",\"name\":\"Sphere Knokke\",\"description\":\"We move with you ...\",\"publisher\":{\"@id\":\"https:\\\/\\\/sphere-knokke.be\\\/fr\\\/#organization\"},\"potentialAction\":[{\"@type\":\"SearchAction\",\"target\":{\"@type\":\"EntryPoint\",\"urlTemplate\":\"https:\\\/\\\/sphere-knokke.be\\\/fr\\\/?s={search_term_string}\"},\"query-input\":{\"@type\":\"PropertyValueSpecification\",\"valueRequired\":true,\"valueName\":\"search_term_string\"}}],\"inLanguage\":\"fr-BE\"},{\"@type\":\"Organization\",\"@id\":\"https:\\\/\\\/sphere-knokke.be\\\/fr\\\/#organization\",\"name\":\"Sphere Knokke\",\"url\":\"https:\\\/\\\/sphere-knokke.be\\\/fr\\\/\",\"logo\":{\"@type\":\"ImageObject\",\"inLanguage\":\"fr-BE\",\"@id\":\"https:\\\/\\\/sphere-knokke.be\\\/fr\\\/#\\\/schema\\\/logo\\\/image\\\/\",\"url\":\"https:\\\/\\\/sphere-knokke.be\\\/wp-content\\\/uploads\\\/2023\\\/04\\\/SPHERE_Logo_Zwart.png\",\"contentUrl\":\"https:\\\/\\\/sphere-knokke.be\\\/wp-content\\\/uploads\\\/2023\\\/04\\\/SPHERE_Logo_Zwart.png\",\"width\":1000,\"height\":1000,\"caption\":\"Sphere Knokke\"},\"image\":{\"@id\":\"https:\\\/\\\/sphere-knokke.be\\\/fr\\\/#\\\/schema\\\/logo\\\/image\\\/\"}}]}<\/script>\n<!-- \/ Yoast SEO plugin. -->","yoast_head_json":{"title":"\u00c9t\u00e9 chez Sphere | Boissons rafra\u00eechissantes & cuisine c\u00f4ti\u00e8re","description":"Vivez une exp\u00e9rience culinaire unique chez Sphere, o\u00f9 l'ambiance \u00e9volue au gr\u00e9 des saisons et de la m\u00e9t\u00e9o. Rejoignez-nous pour une escapade estivale en bord de mer.","robots":{"index":"index","follow":"follow","max-snippet":"max-snippet:-1","max-image-preview":"max-image-preview:large","max-video-preview":"max-video-preview:-1"},"canonical":"https:\/\/sphere-knokke.be\/fr\/bon-atmosphere\/","og_locale":"fr_FR","og_type":"article","og_title":"\u00c9t\u00e9 chez Sphere | Boissons rafra\u00eechissantes & cuisine c\u00f4ti\u00e8re","og_description":"Vivez une exp\u00e9rience culinaire unique chez Sphere, o\u00f9 l'ambiance \u00e9volue au gr\u00e9 des saisons et de la m\u00e9t\u00e9o. Rejoignez-nous pour une escapade estivale en bord de mer.","og_url":"https:\/\/sphere-knokke.be\/fr\/bon-atmosphere\/","og_site_name":"Sphere Knokke","article_modified_time":"2024-07-15T07:31:36+00:00","og_image":[{"url":"https:\/\/sphere-knokke.be\/wp-content\/uploads\/2024\/07\/I60A4903L-1024x683.jpg","type":"","width":"","height":""}],"twitter_card":"summary_large_image","twitter_misc":{"Dur\u00e9e de lecture est.":"2 minutes"},"schema":{"@context":"https:\/\/schema.org","@graph":[{"@type":"WebPage","@id":"https:\/\/sphere-knokke.be\/fr\/bon-atmosphere\/","url":"https:\/\/sphere-knokke.be\/fr\/bon-atmosphere\/","name":"\u00c9t\u00e9 chez Sphere | Boissons rafra\u00eechissantes & cuisine c\u00f4ti\u00e8re","isPartOf":{"@id":"https:\/\/sphere-knokke.be\/fr\/#website"},"primaryImageOfPage":{"@id":"https:\/\/sphere-knokke.be\/fr\/bon-atmosphere\/#primaryimage"},"image":{"@id":"https:\/\/sphere-knokke.be\/fr\/bon-atmosphere\/#primaryimage"},"thumbnailUrl":"https:\/\/sphere-knokke.be\/wp-content\/uploads\/2024\/07\/I60A4903L-1024x683.jpg","datePublished":"2023-04-28T05:34:53+00:00","dateModified":"2024-07-15T07:31:36+00:00","description":"Vivez une exp\u00e9rience culinaire unique chez Sphere, o\u00f9 l'ambiance \u00e9volue au gr\u00e9 des saisons et de la m\u00e9t\u00e9o. Rejoignez-nous pour une escapade estivale en bord de mer.","breadcrumb":{"@id":"https:\/\/sphere-knokke.be\/fr\/bon-atmosphere\/#breadcrumb"},"inLanguage":"fr-BE","potentialAction":[{"@type":"ReadAction","target":["https:\/\/sphere-knokke.be\/fr\/bon-atmosphere\/"]}]},{"@type":"ImageObject","inLanguage":"fr-BE","@id":"https:\/\/sphere-knokke.be\/fr\/bon-atmosphere\/#primaryimage","url":"https:\/\/sphere-knokke.be\/wp-content\/uploads\/2024\/07\/I60A4903L-1024x683.jpg","contentUrl":"https:\/\/sphere-knokke.be\/wp-content\/uploads\/2024\/07\/I60A4903L-1024x683.jpg"},{"@type":"BreadcrumbList","@id":"https:\/\/sphere-knokke.be\/fr\/bon-atmosphere\/#breadcrumb","itemListElement":[{"@type":"ListItem","position":1,"name":"Home","item":"https:\/\/sphere-knokke.be\/fr\/"},{"@type":"ListItem","position":2,"name":"Bon atmosphere"}]},{"@type":"WebSite","@id":"https:\/\/sphere-knokke.be\/fr\/#website","url":"https:\/\/sphere-knokke.be\/fr\/","name":"Sphere Knokke","description":"We move with you ...","publisher":{"@id":"https:\/\/sphere-knokke.be\/fr\/#organization"},"potentialAction":[{"@type":"SearchAction","target":{"@type":"EntryPoint","urlTemplate":"https:\/\/sphere-knokke.be\/fr\/?s={search_term_string}"},"query-input":{"@type":"PropertyValueSpecification","valueRequired":true,"valueName":"search_term_string"}}],"inLanguage":"fr-BE"},{"@type":"Organization","@id":"https:\/\/sphere-knokke.be\/fr\/#organization","name":"Sphere Knokke","url":"https:\/\/sphere-knokke.be\/fr\/","logo":{"@type":"ImageObject","inLanguage":"fr-BE","@id":"https:\/\/sphere-knokke.be\/fr\/#\/schema\/logo\/image\/","url":"https:\/\/sphere-knokke.be\/wp-content\/uploads\/2023\/04\/SPHERE_Logo_Zwart.png","contentUrl":"https:\/\/sphere-knokke.be\/wp-content\/uploads\/2023\/04\/SPHERE_Logo_Zwart.png","width":1000,"height":1000,"caption":"Sphere Knokke"},"image":{"@id":"https:\/\/sphere-knokke.be\/fr\/#\/schema\/logo\/image\/"}}]}},"_links":{"self":[{"href":"https:\/\/sphere-knokke.be\/fr\/wp-json\/wp\/v2\/pages\/901","targetHints":{"allow":["GET"]}}],"collection":[{"href":"https:\/\/sphere-knokke.be\/fr\/wp-json\/wp\/v2\/pages"}],"about":[{"href":"https:\/\/sphere-knokke.be\/fr\/wp-json\/wp\/v2\/types\/page"}],"author":[{"embeddable":true,"href":"https:\/\/sphere-knokke.be\/fr\/wp-json\/wp\/v2\/users\/1"}],"replies":[{"embeddable":true,"href":"https:\/\/sphere-knokke.be\/fr\/wp-json\/wp\/v2\/comments?post=901"}],"version-history":[{"count":11,"href":"https:\/\/sphere-knokke.be\/fr\/wp-json\/wp\/v2\/pages\/901\/revisions"}],"predecessor-version":[{"id":972,"href":"https:\/\/sphere-knokke.be\/fr\/wp-json\/wp\/v2\/pages\/901\/revisions\/972"}],"wp:attachment":[{"href":"https:\/\/sphere-knokke.be\/fr\/wp-json\/wp\/v2\/media?parent=901"}],"curies":[{"name":"wp","href":"https:\/\/api.w.org\/{rel}","templated":true}]}}